{"id":24274,"date":"2026-01-27T11:25:38","date_gmt":"2026-01-27T10:25:38","guid":{"rendered":"https:\/\/www.garsport.it\/mission-valori-garsport\/"},"modified":"2026-02-02T16:52:08","modified_gmt":"2026-02-02T15:52:08","slug":"mission-valeurs-garsport","status":"publish","type":"page","link":"https:\/\/www.garsport.it\/fr\/mission-valeurs-garsport\/","title":{"rendered":"Mission, vision et valeurs"},"content":{"rendered":"<h2>MISSION<\/h2>\n<p>Produire avec passion et engagement des chaussures de <strong>haute qualit\u00e9<\/strong>, en associant le <strong>savoir-faire<\/strong> et la <strong>tradition artisanale italienne \u00e0 l\u2019innovation technologique<\/strong>, fruit d\u2019une <strong>longue exp\u00e9rience<\/strong> et d\u2019une <strong>recherche<\/strong> <strong>constante<\/strong>, afin d\u2019offrir <strong>confort<\/strong>, <strong>s\u00e9curit\u00e9<\/strong> et <strong>performances<\/strong> <strong>sup\u00e9rieures<\/strong> \u00e0 celles et ceux qui pratiquent des <strong>activit\u00e9s<\/strong> <strong>outdoor<\/strong> et \u00e0 ceux qui ont besoin de <strong>chaussures de s\u00e9curit\u00e9.<\/strong><\/p>\n","protected":false},"excerpt":{"rendered":"<p>MISSION Produire avec passion et engagement des chaussures de haute qualit\u00e9, en associant le savoir-faire et la tradition artisanale italienne \u00e0 l\u2019innovation technologique, fruit d\u2019une longue exp\u00e9rience et d\u2019une recherche constante, afin d\u2019offrir confort, s\u00e9curit\u00e9 et performances sup\u00e9rieures \u00e0 celles et ceux qui pratiquent des activit\u00e9s outdoor et \u00e0 ceux qui ont besoin de chaussures [&hellip;]<\/p>\n","protected":false},"author":7,"featured_media":15793,"parent":0,"menu_order":20,"comment_status":"closed","ping_status":"closed","template":"page-templates\/mission.php","meta":{"_acf_changed":false,"footnotes":""},"class_list":["post-24274","page","type-page","status-publish","has-post-thumbnail","hentry"],"acf":[],"_links":{"self":[{"href":"https:\/\/www.garsport.it\/fr\/wp-json\/wp\/v2\/pages\/24274","targetHints":{"allow":["GET"]}}],"collection":[{"href":"https:\/\/www.garsport.it\/fr\/wp-json\/wp\/v2\/pages"}],"about":[{"href":"https:\/\/www.garsport.it\/fr\/wp-json\/wp\/v2\/types\/page"}],"author":[{"embeddable":true,"href":"https:\/\/www.garsport.it\/fr\/wp-json\/wp\/v2\/users\/7"}],"replies":[{"embeddable":true,"href":"https:\/\/www.garsport.it\/fr\/wp-json\/wp\/v2\/comments?post=24274"}],"version-history":[{"count":3,"href":"https:\/\/www.garsport.it\/fr\/wp-json\/wp\/v2\/pages\/24274\/revisions"}],"predecessor-version":[{"id":24287,"href":"https:\/\/www.garsport.it\/fr\/wp-json\/wp\/v2\/pages\/24274\/revisions\/24287"}],"wp:featuredmedia":[{"embeddable":true,"href":"https:\/\/www.garsport.it\/fr\/wp-json\/wp\/v2\/media\/15793"}],"wp:attachment":[{"href":"https:\/\/www.garsport.it\/fr\/wp-json\/wp\/v2\/media?parent=24274"}],"curies":[{"name":"wp","href":"https:\/\/api.w.org\/{rel}","templated":true}]}}