{"id":16807,"date":"2018-07-20T11:57:40","date_gmt":"2018-07-20T09:57:40","guid":{"rendered":"https:\/\/www.garsport.it\/home\/"},"modified":"2025-12-01T09:32:59","modified_gmt":"2025-12-01T08:32:59","slug":"home","status":"publish","type":"page","link":"https:\/\/www.garsport.it\/fr\/","title":{"rendered":"Accueil"},"content":{"rendered":"<p>La qualit\u00e9 du produit constitue un principe cardinal de la philosophie de la manufacture de chaussures Garsport. La recherche continue de nouveaux mat\u00e9riaux pour les <strong>chaussures de montagne<\/strong> et le contr\u00f4le minutieux des processus de production des <strong>chaussures de s\u00e9curit\u00e9<\/strong>, qui a lieu chaque jour dans les usines de l&rsquo;entreprise, garantissent d&rsquo;excellents standards de qualit\u00e9 ainsi qu&rsquo;une s\u00e9curit\u00e9 et une long\u00e9vit\u00e9<\/p>\n","protected":false},"excerpt":{"rendered":"<p>La qualit\u00e9 du produit constitue un principe cardinal de la philosophie de la manufacture de chaussures Garsport. La recherche continue de nouveaux mat\u00e9riaux pour les chaussures de montagne et le contr\u00f4le minutieux des processus de production des chaussures de s\u00e9curit\u00e9, qui a lieu chaque jour dans les usines de l&rsquo;entreprise, garantissent d&rsquo;excellents standards de qualit\u00e9 [&hellip;]<\/p>\n","protected":false},"author":1,"featured_media":16464,"parent":0,"menu_order":13,"comment_status":"closed","ping_status":"closed","template":"","meta":{"_acf_changed":false,"footnotes":""},"class_list":["post-16807","page","type-page","status-publish","has-post-thumbnail","hentry"],"acf":[],"_links":{"self":[{"href":"https:\/\/www.garsport.it\/fr\/wp-json\/wp\/v2\/pages\/16807","targetHints":{"allow":["GET"]}}],"collection":[{"href":"https:\/\/www.garsport.it\/fr\/wp-json\/wp\/v2\/pages"}],"about":[{"href":"https:\/\/www.garsport.it\/fr\/wp-json\/wp\/v2\/types\/page"}],"author":[{"embeddable":true,"href":"https:\/\/www.garsport.it\/fr\/wp-json\/wp\/v2\/users\/1"}],"replies":[{"embeddable":true,"href":"https:\/\/www.garsport.it\/fr\/wp-json\/wp\/v2\/comments?post=16807"}],"version-history":[{"count":4,"href":"https:\/\/www.garsport.it\/fr\/wp-json\/wp\/v2\/pages\/16807\/revisions"}],"predecessor-version":[{"id":24153,"href":"https:\/\/www.garsport.it\/fr\/wp-json\/wp\/v2\/pages\/16807\/revisions\/24153"}],"wp:featuredmedia":[{"embeddable":true,"href":"https:\/\/www.garsport.it\/fr\/wp-json\/wp\/v2\/media\/16464"}],"wp:attachment":[{"href":"https:\/\/www.garsport.it\/fr\/wp-json\/wp\/v2\/media?parent=16807"}],"curies":[{"name":"wp","href":"https:\/\/api.w.org\/{rel}","templated":true}]}}