{"id":16800,"date":"2018-09-15T10:33:17","date_gmt":"2018-09-15T08:33:17","guid":{"rendered":"https:\/\/www.garsport.it\/tecnologia-scarpa-antinfortunistiche\/"},"modified":"2025-02-12T17:16:56","modified_gmt":"2025-02-12T16:16:56","slug":"technologie-chaussures-securite","status":"publish","type":"page","link":"https:\/\/www.garsport.it\/fr\/technologie-chaussures-securite\/","title":{"rendered":"Technologie Safety"},"content":{"rendered":"<p>Toutes nos <strong>chaussures de s\u00e9curit\u00e9<\/strong> sont fabriqu\u00e9es conform\u00e9ment aux r\u00e8glements et aux directives sur la <strong>s\u00e9curit\u00e9 au travail<\/strong>.<\/p>\n<p>De plus, gr\u00e2ce \u00e0 la recherche continue de nouveaux mat\u00e9riaux et \u00e0 l&rsquo;attention port\u00e9e aux d\u00e9tails lors de la production, nous pouvons garantir d&rsquo;excellentes standards de qualit\u00e9 ainsi qu&rsquo;une s\u00e9curit\u00e9 et une long\u00e9vit\u00e9 incontestables de nos <strong>chaussures professionnelles<\/strong>.<\/p>\n<p>Voil\u00e0 les principales caract\u00e9ristiques de nos <strong>chaussures de s\u00e9curit\u00e9<\/strong>.<\/p>\n","protected":false},"excerpt":{"rendered":"<p>Toutes nos chaussures de s\u00e9curit\u00e9 sont fabriqu\u00e9es conform\u00e9ment aux r\u00e8glements et aux directives sur la s\u00e9curit\u00e9 au travail. De plus, gr\u00e2ce \u00e0 la recherche continue de nouveaux mat\u00e9riaux et \u00e0 l&rsquo;attention port\u00e9e aux d\u00e9tails lors de la production, nous pouvons garantir d&rsquo;excellentes standards de qualit\u00e9 ainsi qu&rsquo;une s\u00e9curit\u00e9 et une long\u00e9vit\u00e9 incontestables de nos chaussures [&hellip;]<\/p>\n","protected":false},"author":2,"featured_media":15979,"parent":0,"menu_order":39,"comment_status":"closed","ping_status":"closed","template":"page-templates\/tecnologia.php","meta":{"_acf_changed":false,"footnotes":""},"class_list":["post-16800","page","type-page","status-publish","has-post-thumbnail","hentry"],"acf":[],"_links":{"self":[{"href":"https:\/\/www.garsport.it\/fr\/wp-json\/wp\/v2\/pages\/16800","targetHints":{"allow":["GET"]}}],"collection":[{"href":"https:\/\/www.garsport.it\/fr\/wp-json\/wp\/v2\/pages"}],"about":[{"href":"https:\/\/www.garsport.it\/fr\/wp-json\/wp\/v2\/types\/page"}],"author":[{"embeddable":true,"href":"https:\/\/www.garsport.it\/fr\/wp-json\/wp\/v2\/users\/2"}],"replies":[{"embeddable":true,"href":"https:\/\/www.garsport.it\/fr\/wp-json\/wp\/v2\/comments?post=16800"}],"version-history":[{"count":4,"href":"https:\/\/www.garsport.it\/fr\/wp-json\/wp\/v2\/pages\/16800\/revisions"}],"predecessor-version":[{"id":20277,"href":"https:\/\/www.garsport.it\/fr\/wp-json\/wp\/v2\/pages\/16800\/revisions\/20277"}],"wp:featuredmedia":[{"embeddable":true,"href":"https:\/\/www.garsport.it\/fr\/wp-json\/wp\/v2\/media\/15979"}],"wp:attachment":[{"href":"https:\/\/www.garsport.it\/fr\/wp-json\/wp\/v2\/media?parent=16800"}],"curies":[{"name":"wp","href":"https:\/\/api.w.org\/{rel}","templated":true}]}}