{"id":16798,"date":"2018-09-18T18:27:52","date_gmt":"2018-09-18T16:27:52","guid":{"rendered":"https:\/\/www.garsport.it\/tecnologia-scarpe-da-montagna\/"},"modified":"2024-05-04T10:19:29","modified_gmt":"2024-05-04T08:19:29","slug":"technologie-chaussures-montagne","status":"publish","type":"page","link":"https:\/\/www.garsport.it\/fr\/technologie-chaussures-montagne\/","title":{"rendered":"Technologie Trekking"},"content":{"rendered":"<p>L&rsquo;innovation et la recherche <strong>de nouveaux mat\u00e9riaux<\/strong> ainsi qu&rsquo;un contr\u00f4le minutieux des processus de production garantissent d&rsquo;excellentes standards de qualit\u00e9 ainsi qu&rsquo;une s\u00e9curit\u00e9 et une long\u00e9vit\u00e9 incontestables de nos <strong>chaussures de trekking.<\/strong><\/p>\n<p>Voici la liste des principales qualit\u00e9s de nos<strong> chaussures de trekking et d&rsquo;alpinisme<\/strong>.<\/p>\n","protected":false},"excerpt":{"rendered":"<p>L&rsquo;innovation et la recherche de nouveaux mat\u00e9riaux ainsi qu&rsquo;un contr\u00f4le minutieux des processus de production garantissent d&rsquo;excellentes standards de qualit\u00e9 ainsi qu&rsquo;une s\u00e9curit\u00e9 et une long\u00e9vit\u00e9 incontestables de nos chaussures de trekking. Voici la liste des principales qualit\u00e9s de nos chaussures de trekking et d&rsquo;alpinisme.<\/p>\n","protected":false},"author":2,"featured_media":15980,"parent":0,"menu_order":38,"comment_status":"closed","ping_status":"closed","template":"page-templates\/tecnologia.php","meta":{"_acf_changed":false,"footnotes":""},"class_list":["post-16798","page","type-page","status-publish","has-post-thumbnail","hentry"],"acf":[],"_links":{"self":[{"href":"https:\/\/www.garsport.it\/fr\/wp-json\/wp\/v2\/pages\/16798","targetHints":{"allow":["GET"]}}],"collection":[{"href":"https:\/\/www.garsport.it\/fr\/wp-json\/wp\/v2\/pages"}],"about":[{"href":"https:\/\/www.garsport.it\/fr\/wp-json\/wp\/v2\/types\/page"}],"author":[{"embeddable":true,"href":"https:\/\/www.garsport.it\/fr\/wp-json\/wp\/v2\/users\/2"}],"replies":[{"embeddable":true,"href":"https:\/\/www.garsport.it\/fr\/wp-json\/wp\/v2\/comments?post=16798"}],"version-history":[{"count":4,"href":"https:\/\/www.garsport.it\/fr\/wp-json\/wp\/v2\/pages\/16798\/revisions"}],"predecessor-version":[{"id":18765,"href":"https:\/\/www.garsport.it\/fr\/wp-json\/wp\/v2\/pages\/16798\/revisions\/18765"}],"wp:featuredmedia":[{"embeddable":true,"href":"https:\/\/www.garsport.it\/fr\/wp-json\/wp\/v2\/media\/15980"}],"wp:attachment":[{"href":"https:\/\/www.garsport.it\/fr\/wp-json\/wp\/v2\/media?parent=16798"}],"curies":[{"name":"wp","href":"https:\/\/api.w.org\/{rel}","templated":true}]}}