{"id":16788,"date":"2021-03-08T17:13:57","date_gmt":"2021-03-08T16:13:57","guid":{"rendered":"https:\/\/www.garsport.it\/la-nostra-storia\/"},"modified":"2024-04-24T15:45:35","modified_gmt":"2024-04-24T13:45:35","slug":"notre-histoire","status":"publish","type":"page","link":"https:\/\/www.garsport.it\/fr\/notre-histoire\/","title":{"rendered":"Notre histoire"},"content":{"rendered":"<h3>Depuis presque 50 ans, Garsport produit avec passion et qualit\u00e9<\/h3>\n<p>Garsport na\u00eet en 1972 sous l&rsquo;impulsion de ses fondateurs, Diego Garbuio et Gabriella Favotto, des artisans passionn\u00e9s qui d\u00e9cid\u00e8rent de cr\u00e9er une petite entreprise de<strong> fabrication de chaussures de montagn<\/strong>e.<\/p>\n<p>D\u00e8s lors, Garsport n&rsquo;a jamais cess\u00e9 d&rsquo;exister, gr\u00e2ce \u00e0 la passion transmise par les fondateurs et au professionnalisme de leurs collaborateurs.<\/p>\n","protected":false},"excerpt":{"rendered":"<p>Depuis presque 50 ans, Garsport produit avec passion et qualit\u00e9 Garsport na\u00eet en 1972 sous l&rsquo;impulsion de ses fondateurs, Diego Garbuio et Gabriella Favotto, des artisans passionn\u00e9s qui d\u00e9cid\u00e8rent de cr\u00e9er une petite entreprise de fabrication de chaussures de montagne. D\u00e8s lors, Garsport n&rsquo;a jamais cess\u00e9 d&rsquo;exister, gr\u00e2ce \u00e0 la passion transmise par les fondateurs [&hellip;]<\/p>\n","protected":false},"author":7,"featured_media":15793,"parent":0,"menu_order":29,"comment_status":"closed","ping_status":"closed","template":"page-templates\/history.php","meta":{"_acf_changed":false,"footnotes":""},"class_list":["post-16788","page","type-page","status-publish","has-post-thumbnail","hentry"],"acf":[],"_links":{"self":[{"href":"https:\/\/www.garsport.it\/fr\/wp-json\/wp\/v2\/pages\/16788","targetHints":{"allow":["GET"]}}],"collection":[{"href":"https:\/\/www.garsport.it\/fr\/wp-json\/wp\/v2\/pages"}],"about":[{"href":"https:\/\/www.garsport.it\/fr\/wp-json\/wp\/v2\/types\/page"}],"author":[{"embeddable":true,"href":"https:\/\/www.garsport.it\/fr\/wp-json\/wp\/v2\/users\/7"}],"replies":[{"embeddable":true,"href":"https:\/\/www.garsport.it\/fr\/wp-json\/wp\/v2\/comments?post=16788"}],"version-history":[{"count":3,"href":"https:\/\/www.garsport.it\/fr\/wp-json\/wp\/v2\/pages\/16788\/revisions"}],"predecessor-version":[{"id":18695,"href":"https:\/\/www.garsport.it\/fr\/wp-json\/wp\/v2\/pages\/16788\/revisions\/18695"}],"wp:featuredmedia":[{"embeddable":true,"href":"https:\/\/www.garsport.it\/fr\/wp-json\/wp\/v2\/media\/15793"}],"wp:attachment":[{"href":"https:\/\/www.garsport.it\/fr\/wp-json\/wp\/v2\/media?parent=16788"}],"curies":[{"name":"wp","href":"https:\/\/api.w.org\/{rel}","templated":true}]}}