{"id":16783,"date":"2021-05-27T15:16:42","date_gmt":"2021-05-27T13:16:42","guid":{"rendered":"https:\/\/www.garsport.it\/politica-certificazioni-qualita-ambiente-garsport\/"},"modified":"2025-10-18T10:56:19","modified_gmt":"2025-10-18T08:56:19","slug":"politique-certifications-qualite-environnement-garsport","status":"publish","type":"page","link":"https:\/\/www.garsport.it\/fr\/politique-certifications-qualite-environnement-garsport\/","title":{"rendered":"Politique et Certificats de Qualit\u00e9 et Environnement"},"content":{"rendered":"<p><strong>Garsport Srl<\/strong> consid\u00e8re la <strong>qualit\u00e9 de ses services<\/strong> et la <strong>protection de l&rsquo;environnement<\/strong> comme des \u00e9l\u00e9ments cl\u00e9s de sa strat\u00e9gie d&rsquo;entreprise. En tant qu&rsquo;entreprise, nous nous engageons \u00e0 am\u00e9liorer les performances environnementales et \u00e0 att\u00e9nuer l&rsquo;impact de nos activit\u00e9s sur l&rsquo;\u00e9cosyst\u00e8me.<\/p>\n<p>Notre mission est de garantir un haut niveau de qualit\u00e9 de nos produits\/services \u00e0 nos clients, qui exigent \u00e9galement une attention et un respect accrus de l&rsquo;environnement. Pour ces raisons, Garsport Srl a adopt\u00e9 et document\u00e9 sa politique ainsi que ses <strong>certificats qualit\u00e9 et environnement en conformit\u00e9<\/strong> avec les normes UNI EN ISO 9001:2015 et UNI EN ISO 14001:2015.<\/p>\n<p>Pour atteindre ces objectifs, <strong>Garsport Srl<\/strong> s&rsquo;engage \u00e0 :<\/p>\n<ul>\n<li>satisfaire \u00e0 ses obligations de conformit\u00e9 ;<\/li>\n<li>prot\u00e9ger l&rsquo;environnement en appliquant les meilleures technologies possibles et \u00e9conomiquement praticables, en surveillant les processus de production et en intervenant de mani\u00e8re pr\u00e9ventive pour \u00e9viter ou minimiser la pollution et tout impact n\u00e9gatif sur l&rsquo;environnement caus\u00e9 par nos activit\u00e9s, produits et services ;<\/li>\n<li>fournir des conditions de travail s\u00fbres et saines pour pr\u00e9venir les blessures et les maladies li\u00e9es au travail ;<\/li>\n<li>poursuivre l&rsquo;am\u00e9lioration continue du syst\u00e8me de gestion pour accro\u00eetre nos performances en d\u00e9finissant des objectifs et des cibles, et en mesurant les progr\u00e8s r\u00e9alis\u00e9s.<\/li>\n<\/ul>\n<p><strong><span style=\"font-size: 20px;\">Code d\u2019\u00e9thique<\/span><\/strong><\/p>\n<p><a href=\"https:\/\/www.garsport.it\/wp-content\/uploads\/2025\/10\/Codice-Etico-Settembre-2025.pdf\" target=\"_blank\" rel=\"noopener\">T\u00c9L\u00c9CHARGER<\/a><\/p>\n<p><span style=\"font-size: 20px;\"><strong>Politique Qualit\u00e9 et Environnement<\/strong><\/span><\/p>\n<p><a href=\"https:\/\/www.garsport.it\/wp-content\/uploads\/2025\/10\/Manifesto-ESG-Garsport-2025-Rev01.pdf\" target=\"_blank\" rel=\"noopener\">T\u00c9L\u00c9CHARGEZ LE MANIFESTE DE DURABILIT\u00c9<\/a><\/p>\n<p><span style=\"font-size: 20px;\"><strong> Certification UNI EN ISO 9001:2015<\/strong><\/span><\/p>\n<p><a href=\"https:\/\/www.garsport.it\/wp-content\/uploads\/2024\/05\/FM-556697-ISO-ISO-9001.2015ENG.pdf\" target=\"_blank\" rel=\"noopener\">T\u00c9L\u00c9CHARGER LE CERTIFICAT<\/a><\/p>\n<p><span style=\"font-size: 20px;\"><strong>Certification UNI EN ISO 14001: 2015<\/strong><\/span><\/p>\n<p><a href=\"https:\/\/www.garsport.it\/wp-content\/uploads\/2024\/05\/EMS-730274-ISO-14001.2015-ENG.pdf\" target=\"_blank\" rel=\"noopener\">T\u00c9L\u00c9CHARGER LE CERTIFICAT<\/a><\/p>\n","protected":false},"excerpt":{"rendered":"<p>Garsport Srl consid\u00e8re la qualit\u00e9 de ses services et la protection de l&rsquo;environnement comme des \u00e9l\u00e9ments cl\u00e9s de sa strat\u00e9gie d&rsquo;entreprise. En tant qu&rsquo;entreprise, nous nous engageons \u00e0 am\u00e9liorer les performances environnementales et \u00e0 att\u00e9nuer l&rsquo;impact de nos activit\u00e9s sur l&rsquo;\u00e9cosyst\u00e8me. Notre mission est de garantir un haut niveau de qualit\u00e9 de nos produits\/services \u00e0 [&hellip;]<\/p>\n","protected":false},"author":7,"featured_media":0,"parent":0,"menu_order":32,"comment_status":"closed","ping_status":"closed","template":"page-templates\/normativa.php","meta":{"_acf_changed":false,"footnotes":""},"class_list":["post-16783","page","type-page","status-publish","hentry"],"acf":[],"_links":{"self":[{"href":"https:\/\/www.garsport.it\/fr\/wp-json\/wp\/v2\/pages\/16783","targetHints":{"allow":["GET"]}}],"collection":[{"href":"https:\/\/www.garsport.it\/fr\/wp-json\/wp\/v2\/pages"}],"about":[{"href":"https:\/\/www.garsport.it\/fr\/wp-json\/wp\/v2\/types\/page"}],"author":[{"embeddable":true,"href":"https:\/\/www.garsport.it\/fr\/wp-json\/wp\/v2\/users\/7"}],"replies":[{"embeddable":true,"href":"https:\/\/www.garsport.it\/fr\/wp-json\/wp\/v2\/comments?post=16783"}],"version-history":[{"count":3,"href":"https:\/\/www.garsport.it\/fr\/wp-json\/wp\/v2\/pages\/16783\/revisions"}],"predecessor-version":[{"id":24075,"href":"https:\/\/www.garsport.it\/fr\/wp-json\/wp\/v2\/pages\/16783\/revisions\/24075"}],"wp:attachment":[{"href":"https:\/\/www.garsport.it\/fr\/wp-json\/wp\/v2\/media?parent=16783"}],"curies":[{"name":"wp","href":"https:\/\/api.w.org\/{rel}","templated":true}]}}